{"id":422,"date":"2022-12-21T08:54:10","date_gmt":"2022-12-21T13:54:10","guid":{"rendered":"https:\/\/hypotheque.diversico.ca\/assess-your-financial-capacity\/"},"modified":"2022-12-22T13:49:37","modified_gmt":"2022-12-22T18:49:37","slug":"assess-your-financial-capacity","status":"publish","type":"page","link":"https:\/\/hypotheque.diversico.ca\/en\/assess-your-financial-capacity\/","title":{"rendered":"Assess your financial capacity"},"content":{"rendered":"<p>[et_pb_section fb_built=&#8221;1&#8243; custom_padding_last_edited=&#8221;on|tablet&#8221; _builder_version=&#8221;4.19.4&#8243; _module_preset=&#8221;default&#8221; background_enable_image=&#8221;off&#8221; background_size=&#8221;custom&#8221; background_image_width=&#8221;220px&#8221; background_position=&#8221;bottom_right&#8221; background_horizontal_offset=&#8221;5%&#8221; custom_margin=&#8221;6%||||false|false&#8221; custom_margin_tablet=&#8221;6%||||false|false&#8221; custom_margin_phone=&#8221;6%||||false|false&#8221; custom_margin_last_edited=&#8221;on|desktop&#8221; custom_padding=&#8221;||0px||false|false&#8221; custom_padding_tablet=&#8221;10%||0px||false|false&#8221; custom_padding_phone=&#8221;12%||0px||false|false&#8221; top_divider_height_tablet=&#8221;&#8221; top_divider_height_phone=&#8221;&#8221; top_divider_height_last_edited=&#8221;on|tablet&#8221; bottom_divider_color=&#8221;#DEF8FF&#8221; bottom_divider_height=&#8221;250px&#8221; bottom_divider_flip=&#8221;horizontal&#8221; bottom_divider_height_tablet=&#8221;0px&#8221; bottom_divider_height_phone=&#8221;0px&#8221; bottom_divider_height_last_edited=&#8221;on|phone&#8221; background_last_edited=&#8221;on|desktop&#8221; global_colors_info=&#8221;{}&#8221;][et_pb_row custom_padding_last_edited=&#8221;on|desktop&#8221; _builder_version=&#8221;4.19.4&#8243; _module_preset=&#8221;default&#8221; width=&#8221;88%&#8221; width_tablet=&#8221;88%&#8221; width_phone=&#8221;80%&#8221; width_last_edited=&#8221;on|phone&#8221; max_width=&#8221;780px&#8221; max_width_tablet=&#8221;88%&#8221; max_width_phone=&#8221;80%&#8221; max_width_last_edited=&#8221;on|phone&#8221; module_alignment=&#8221;center&#8221; custom_padding=&#8221;||0px||false|false&#8221; custom_padding_tablet=&#8221;0px||0px||false|false&#8221; custom_padding_phone=&#8221;0px||0px||false|false&#8221; global_colors_info=&#8221;{}&#8221;][et_pb_column type=&#8221;4_4&#8243; _builder_version=&#8221;4.19.1&#8243; _module_preset=&#8221;default&#8221; global_colors_info=&#8221;{}&#8221;][et_pb_text module_class=&#8221;decoy-bold&#8221; _builder_version=&#8221;4.19.4&#8243; _module_preset=&#8221;default&#8221; header_font=&#8221;|600|||||||&#8221; header_text_align=&#8221;left&#8221; header_font_size=&#8221;65px&#8221; max_width=&#8221;700px&#8221; max_width_tablet=&#8221;700px&#8221; max_width_phone=&#8221;100%&#8221; max_width_last_edited=&#8221;on|desktop&#8221; module_alignment=&#8221;left&#8221; custom_margin=&#8221;||0px||false|false&#8221; custom_margin_tablet=&#8221;||0px||false|false&#8221; custom_margin_phone=&#8221;||0px||false|false&#8221; custom_margin_last_edited=&#8221;on|desktop&#8221; hover_enabled=&#8221;0&#8243; header_font_size_tablet=&#8221;35px&#8221; header_font_size_phone=&#8221;30px&#8221; header_font_size_last_edited=&#8221;on|phone&#8221; global_colors_info=&#8221;{}&#8221; sticky_enabled=&#8221;0&#8243;]<\/p>\n<h1>Assess your financial capacity<\/h1>\n<p>[\/et_pb_text][et_pb_text _builder_version=&#8221;4.19.4&#8243; _module_preset=&#8221;default&#8221; text_line_height=&#8221;1.5em&#8221; header_font=&#8221;|600|||||||&#8221; header_text_align=&#8221;left&#8221; header_font_size=&#8221;65px&#8221; max_width=&#8221;500px&#8221; max_width_tablet=&#8221;400px&#8221; max_width_phone=&#8221;700px&#8221; max_width_last_edited=&#8221;on|desktop&#8221; module_alignment=&#8221;left&#8221; custom_margin=&#8221;||20px||false|false&#8221; custom_margin_tablet=&#8221;||25px||false|false&#8221; custom_margin_phone=&#8221;||25px||false|false&#8221; custom_margin_last_edited=&#8221;on|desktop&#8221; text_font_size_tablet=&#8221;18px&#8221; text_font_size_phone=&#8221;16px&#8221; text_font_size_last_edited=&#8221;on|tablet&#8221; header_font_size_tablet=&#8221;55px&#8221; header_font_size_phone=&#8221;35px&#8221; header_font_size_last_edited=&#8221;on|phone&#8221; global_colors_info=&#8221;{}&#8221;]<\/p>\n<p>Fill out the form below and a member of our team will contact you shortly.<\/p>\n<p>[\/et_pb_text][et_pb_image src=&#8221;https:\/\/hypotheque.diversico.ca\/wp-content\/uploads\/2022\/11\/maison-img2.png&#8221; title_text=&#8221;maison-img2&#8243; align=&#8221;right&#8221; _builder_version=&#8221;4.19.4&#8243; _module_preset=&#8221;default&#8221; max_width=&#8221;220px&#8221; max_width_tablet=&#8221;170px&#8221; max_width_phone=&#8221;120px&#8221; max_width_last_edited=&#8221;on|desktop&#8221; custom_margin=&#8221;-5%||0px||false|false&#8221; custom_margin_tablet=&#8221;-5%||0px||false|false&#8221; custom_margin_phone=&#8221;0%||0px||false|false&#8221; custom_margin_last_edited=&#8221;on|phone&#8221; global_colors_info=&#8221;{}&#8221;][\/et_pb_image][\/et_pb_column][\/et_pb_row][\/et_pb_section][et_pb_section fb_built=&#8221;1&#8243; custom_padding_last_edited=&#8221;on|phone&#8221; _builder_version=&#8221;4.19.4&#8243; _module_preset=&#8221;default&#8221; background_color=&#8221;rgba(35,208,234,0.3)&#8221; custom_padding=&#8221;5%||||false|false&#8221; custom_padding_tablet=&#8221;10%||||false|false&#8221; custom_padding_phone=&#8221;12%||||false|false&#8221; global_colors_info=&#8221;{}&#8221;][et_pb_row module_class=&#8221;formulaire-row&#8221; _builder_version=&#8221;4.19.4&#8243; _module_preset=&#8221;default&#8221; background_color=&#8221;#5DCDB9&#8243; width_tablet=&#8221;&#8221; width_phone=&#8221;88%&#8221; width_last_edited=&#8221;on|phone&#8221; max_width=&#8221;800px&#8221; max_width_tablet=&#8221;800px&#8221; max_width_phone=&#8221;88%&#8221; max_width_last_edited=&#8221;on|desktop&#8221; module_alignment=&#8221;center&#8221; custom_padding=&#8221;3%|5%||5%|false|true&#8221; hover_enabled=&#8221;0&#8243; border_radii=&#8221;on|25px|25px|25px|25px&#8221; global_colors_info=&#8221;{}&#8221; custom_padding_last_edited=&#8221;on|phone&#8221; custom_padding_tablet=&#8221;3%|8%||8%|false|true&#8221; sticky_enabled=&#8221;0&#8243; custom_padding_phone=&#8221;|10%||10%|false|true&#8221;][et_pb_column type=&#8221;4_4&#8243; _builder_version=&#8221;4.19.4&#8243; _module_preset=&#8221;default&#8221; global_colors_info=&#8221;{}&#8221;][wpforms_selector form_id=&#8221;252&#8243; _builder_version=&#8221;4.19.4&#8243; _module_preset=&#8221;default&#8221; max_width=&#8221;700px&#8221; max_width_tablet=&#8221;700px&#8221; max_width_phone=&#8221;700px&#8221; max_width_last_edited=&#8221;on|desktop&#8221; module_alignment=&#8221;center&#8221; global_colors_info=&#8221;{}&#8221;][\/wpforms_selector][\/et_pb_column][\/et_pb_row][\/et_pb_section]<\/p>\n","protected":false},"excerpt":{"rendered":"<p>Assess your financial capacityFill out the form below and a member of our team will contact you shortly.<div class=\"et_pb_module wpforms_selector wpforms_selector_0\">\n\t\t\t\t\n\t\t\t\t\n\t\t\t\t\n\t\t\t\t\n\t\t\t\t\n\t\t\t\t\n\t\t\t\t<div class=\"et_pb_module_inner\">\n\t\t\t\t\t<div class=\"wpforms-container wpforms-container-full formulaire-contact\" id=\"wpforms-252\"><form id=\"wpforms-form-252\" class=\"wpforms-validate wpforms-form\" data-formid=\"252\" method=\"post\" enctype=\"multipart\/form-data\" action=\"\/en\/wp-json\/wp\/v2\/pages\/422\" data-token=\"dbd588c46741bc941dfa931ecb028586\" data-token-time=\"1776781585\"><noscript class=\"wpforms-error-noscript\">Please enable JavaScript in your browser to complete this form.<\/noscript><div class=\"wpforms-field-container\"><div id=\"wpforms-252-field_1-container\" class=\"wpforms-field wpforms-field-text label-blanc\" data-field-id=\"1\"><label class=\"wpforms-field-label\" for=\"wpforms-252-field_1\">First name Last name <span class=\"wpforms-required-label\">*<\/span><\/label><input type=\"text\" id=\"wpforms-252-field_1\" class=\"wpforms-field-large wpforms-field-required\" name=\"wpforms[fields][1]\" required><\/div><div id=\"wpforms-252-field_3-container\" class=\"wpforms-field wpforms-field-email label-blanc\" data-field-id=\"3\"><label class=\"wpforms-field-label\" for=\"wpforms-252-field_3\">Email <span class=\"wpforms-required-label\">*<\/span><\/label><input type=\"email\" id=\"wpforms-252-field_3\" class=\"wpforms-field-large wpforms-field-required\" name=\"wpforms[fields][3]\" spellcheck=\"false\" required><\/div><div id=\"wpforms-252-field_4-container\" class=\"wpforms-field wpforms-field-text label-blanc\" data-field-id=\"4\"><label class=\"wpforms-field-label\" for=\"wpforms-252-field_4\">Phone <span class=\"wpforms-required-label\">*<\/span><\/label><input type=\"text\" id=\"wpforms-252-field_4\" class=\"wpforms-field-large wpforms-field-required\" name=\"wpforms[fields][4]\" required><\/div><div id=\"wpforms-252-field_8-container\" class=\"wpforms-field wpforms-field-text label-blanc\" data-field-id=\"8\"><label class=\"wpforms-field-label\" for=\"wpforms-252-field_8\">Postal code <span class=\"wpforms-required-label\">*<\/span><\/label><input type=\"text\" id=\"wpforms-252-field_8\" class=\"wpforms-field-large wpforms-field-required\" name=\"wpforms[fields][8]\" required><\/div><div id=\"wpforms-252-field_12-container\" class=\"wpforms-field wpforms-field-checkbox label-blanc\" data-field-id=\"12\"><label class=\"wpforms-field-label\" for=\"wpforms-252-field_12\">Services in which you are interested<\/label><ul id=\"wpforms-252-field_12\"><li class=\"choice-1 depth-1\"><input type=\"checkbox\" id=\"wpforms-252-field_12_1\" name=\"wpforms[fields][12][]\" value=\"Purchase\"  ><label class=\"wpforms-field-label-inline\" for=\"wpforms-252-field_12_1\">Purchase<\/label><\/li><li class=\"choice-2 depth-1\"><input type=\"checkbox\" id=\"wpforms-252-field_12_2\" name=\"wpforms[fields][12][]\" value=\"Refinancing\"  ><label class=\"wpforms-field-label-inline\" for=\"wpforms-252-field_12_2\">Refinancing<\/label><\/li><li class=\"choice-3 depth-1\"><input type=\"checkbox\" id=\"wpforms-252-field_12_3\" name=\"wpforms[fields][12][]\" value=\"Prequalification\"  ><label class=\"wpforms-field-label-inline\" for=\"wpforms-252-field_12_3\">Prequalification<\/label><\/li><li class=\"choice-4 depth-1\"><input type=\"checkbox\" id=\"wpforms-252-field_12_4\" name=\"wpforms[fields][12][]\" value=\"Debt reconciliation\"  ><label class=\"wpforms-field-label-inline\" for=\"wpforms-252-field_12_4\">Debt reconciliation<\/label><\/li><li class=\"choice-6 depth-1\"><input type=\"checkbox\" id=\"wpforms-252-field_12_6\" name=\"wpforms[fields][12][]\" value=\"Cabin\/rental investment\"  ><label class=\"wpforms-field-label-inline\" for=\"wpforms-252-field_12_6\">Cabin\/rental investment<\/label><\/li><li class=\"choice-5 depth-1\"><input type=\"checkbox\" id=\"wpforms-252-field_12_5\" name=\"wpforms[fields][12][]\" value=\"Commercial mortgage\"  ><label class=\"wpforms-field-label-inline\" for=\"wpforms-252-field_12_5\">Commercial mortgage<\/label><\/li><li class=\"choice-7 depth-1\"><input type=\"checkbox\" id=\"wpforms-252-field_12_7\" name=\"wpforms[fields][12][]\" value=\"Transferring\"  ><label class=\"wpforms-field-label-inline\" for=\"wpforms-252-field_12_7\">Transferring<\/label><\/li><\/ul><\/div><div id=\"wpforms-252-field_10-container\" class=\"wpforms-field wpforms-field-text label-blanc\" data-field-id=\"10\"><label class=\"wpforms-field-label\" for=\"wpforms-252-field_10\">Annual family income<\/label><input type=\"text\" id=\"wpforms-252-field_10\" class=\"wpforms-field-large\" name=\"wpforms[fields][10]\" ><\/div><div id=\"wpforms-252-field_15-container\" class=\"wpforms-field wpforms-field-radio label-blanc\" data-field-id=\"15\"><label class=\"wpforms-field-label\" for=\"wpforms-252-field_15\">Are you already an owner?<\/label><ul id=\"wpforms-252-field_15\"><li class=\"choice-1 depth-1\"><input type=\"radio\" id=\"wpforms-252-field_15_1\" name=\"wpforms[fields][15]\" value=\"Yes\"  ><label class=\"wpforms-field-label-inline\" for=\"wpforms-252-field_15_1\">Yes<\/label><\/li><li class=\"choice-2 depth-1\"><input type=\"radio\" id=\"wpforms-252-field_15_2\" name=\"wpforms[fields][15]\" value=\"No\"  ><label class=\"wpforms-field-label-inline\" for=\"wpforms-252-field_15_2\">No<\/label><\/li><\/ul><\/div><div id=\"wpforms-252-field_16-container\" class=\"wpforms-field wpforms-field-checkbox\" data-field-id=\"16\"><label class=\"wpforms-field-label wpforms-label-hide\" for=\"wpforms-252-field_16\">Cases \u00e0 cocher <span class=\"wpforms-required-label\">*<\/span><\/label><ul id=\"wpforms-252-field_16\" class=\"wpforms-field-required\"><li class=\"choice-1 depth-1\"><input type=\"checkbox\" id=\"wpforms-252-field_16_1\" name=\"wpforms[fields][16][]\" value=\"En cliquant sur \u00ab Soumettre \u00bb, je consens \u00e0 ce que les renseignements personnels et financiers fournis dans ce formulaire soient recueillis, utilis\u00e9s aux fins exclusives d\u2019\u00e9valuer ma capacit\u00e9 financi\u00e8re et de me contacter \u00e0 cet effet. &lt;a style=&quot;color: #de9e41;&quot; href=&quot;https:\/\/diversico.ca\/politique-de-confidentialite\/&quot;&gt;Politique de confidentialit\u00e9&lt;\/a&gt;\" required ><label class=\"wpforms-field-label-inline\" for=\"wpforms-252-field_16_1\">En cliquant sur \u00ab Soumettre \u00bb, je consens \u00e0 ce que les renseignements personnels et financiers fournis dans ce formulaire soient recueillis, utilis\u00e9s aux fins exclusives d\u2019\u00e9valuer ma capacit\u00e9 financi\u00e8re et de me contacter \u00e0 cet effet. <a style=\"color: #de9e41\" href=\"https:\/\/diversico.ca\/politique-de-confidentialite\/\">Politique de confidentialit\u00e9<\/a><\/label><\/li><\/ul><\/div><\/div><!-- .wpforms-field-container --><div class=\"wpforms-recaptcha-container wpforms-is-recaptcha wpforms-is-recaptcha-type-v3\" ><input type=\"hidden\" name=\"wpforms[recaptcha]\" value=\"\"><\/div><div class=\"wpforms-submit-container\" ><input type=\"hidden\" name=\"wpforms[id]\" value=\"252\"><input type=\"hidden\" name=\"page_title\" value=\"\"><input type=\"hidden\" name=\"page_url\" value=\"https:\/\/hypotheque.diversico.ca\/en\/wp-json\/wp\/v2\/pages\/422\"><button type=\"submit\" name=\"wpforms[submit]\" id=\"wpforms-submit-252\" class=\"wpforms-submit formulaire-contact-bouton\" data-alt-text=\"Submit\u2026\" data-submit-text=\"Submit\" aria-live=\"assertive\" value=\"wpforms-submit\">Submit<\/button><\/div><\/form><\/div>  <!-- .wpforms-container -->\n\t\t\t\t<\/div>\n\t\t\t<\/div><\/p>\n","protected":false},"author":5,"featured_media":369,"parent":0,"menu_order":0,"comment_status":"closed","ping_status":"closed","template":"","meta":{"_et_pb_use_builder":"on","_et_pb_old_content":"","_et_gb_content_width":"","footnotes":""},"class_list":["post-422","page","type-page","status-publish","has-post-thumbnail","hentry"],"yoast_head":"<!-- This site is optimized with the Yoast SEO plugin v27.4 - https:\/\/yoast.com\/product\/yoast-seo-wordpress\/ -->\n<title>Assess your financial capacity - Diversico Mortgage | Planipr\u00eat<\/title>\n<meta name=\"robots\" content=\"index, follow, max-snippet:-1, max-image-preview:large, max-video-preview:-1\" \/>\n<link rel=\"canonical\" href=\"https:\/\/dnx.jxc.mybluehost.me\/en\/assess-your-financial-capacity\/\" \/>\n<meta property=\"og:locale\" content=\"en_US\" \/>\n<meta property=\"og:type\" content=\"article\" \/>\n<meta property=\"og:title\" content=\"Assess your financial capacity - Diversico Mortgage | Planipr\u00eat\" \/>\n<meta property=\"og:description\" content=\"Assess your financial capacityFill out the form below and a member of our team will contact you shortly.\" \/>\n<meta property=\"og:url\" content=\"https:\/\/dnx.jxc.mybluehost.me\/en\/assess-your-financial-capacity\/\" \/>\n<meta property=\"og:site_name\" content=\"Diversico Hypoth\u00e8que | Planipr\u00eat\" \/>\n<meta property=\"article:modified_time\" content=\"2022-12-22T18:49:37+00:00\" \/>\n<meta property=\"og:image\" content=\"https:\/\/dnx.jxc.mybluehost.me\/wp-content\/uploads\/2022\/11\/maison-img2.png\" \/>\n\t<meta property=\"og:image:width\" content=\"340\" \/>\n\t<meta property=\"og:image:height\" content=\"257\" \/>\n\t<meta property=\"og:image:type\" content=\"image\/png\" \/>\n<meta name=\"twitter:card\" content=\"summary_large_image\" \/>\n<meta name=\"twitter:label1\" content=\"Est. reading time\" \/>\n\t<meta name=\"twitter:data1\" content=\"1 minute\" \/>\n<script type=\"application\/ld+json\" class=\"yoast-schema-graph\">{\"@context\":\"https:\\\/\\\/schema.org\",\"@graph\":[{\"@type\":\"WebPage\",\"@id\":\"https:\\\/\\\/dnx.jxc.mybluehost.me\\\/en\\\/assess-your-financial-capacity\\\/\",\"url\":\"https:\\\/\\\/dnx.jxc.mybluehost.me\\\/en\\\/assess-your-financial-capacity\\\/\",\"name\":\"Assess your financial capacity - Diversico Mortgage | Planipr\u00eat\",\"isPartOf\":{\"@id\":\"https:\\\/\\\/dnx.jxc.mybluehost.me\\\/#website\"},\"primaryImageOfPage\":{\"@id\":\"https:\\\/\\\/dnx.jxc.mybluehost.me\\\/en\\\/assess-your-financial-capacity\\\/#primaryimage\"},\"image\":{\"@id\":\"https:\\\/\\\/dnx.jxc.mybluehost.me\\\/en\\\/assess-your-financial-capacity\\\/#primaryimage\"},\"thumbnailUrl\":\"https:\\\/\\\/hypotheque.diversico.ca\\\/wp-content\\\/uploads\\\/2022\\\/11\\\/maison-img2.png\",\"datePublished\":\"2022-12-21T13:54:10+00:00\",\"dateModified\":\"2022-12-22T18:49:37+00:00\",\"breadcrumb\":{\"@id\":\"https:\\\/\\\/dnx.jxc.mybluehost.me\\\/en\\\/assess-your-financial-capacity\\\/#breadcrumb\"},\"inLanguage\":\"en-US\",\"potentialAction\":[{\"@type\":\"ReadAction\",\"target\":[\"https:\\\/\\\/dnx.jxc.mybluehost.me\\\/en\\\/assess-your-financial-capacity\\\/\"]}]},{\"@type\":\"ImageObject\",\"inLanguage\":\"en-US\",\"@id\":\"https:\\\/\\\/dnx.jxc.mybluehost.me\\\/en\\\/assess-your-financial-capacity\\\/#primaryimage\",\"url\":\"https:\\\/\\\/hypotheque.diversico.ca\\\/wp-content\\\/uploads\\\/2022\\\/11\\\/maison-img2.png\",\"contentUrl\":\"https:\\\/\\\/hypotheque.diversico.ca\\\/wp-content\\\/uploads\\\/2022\\\/11\\\/maison-img2.png\",\"width\":340,\"height\":257},{\"@type\":\"BreadcrumbList\",\"@id\":\"https:\\\/\\\/dnx.jxc.mybluehost.me\\\/en\\\/assess-your-financial-capacity\\\/#breadcrumb\",\"itemListElement\":[{\"@type\":\"ListItem\",\"position\":1,\"name\":\"Home\",\"item\":\"https:\\\/\\\/dnx.jxc.mybluehost.me\\\/en\\\/\"},{\"@type\":\"ListItem\",\"position\":2,\"name\":\"Assess your financial capacity\"}]},{\"@type\":\"WebSite\",\"@id\":\"https:\\\/\\\/dnx.jxc.mybluehost.me\\\/#website\",\"url\":\"https:\\\/\\\/dnx.jxc.mybluehost.me\\\/\",\"name\":\"Diversico Hypoth\u00e8que | Planipr\u00eat\",\"description\":\"Financement hypoth\u00e9caire et consultation gratuite pour \u00e9valuer votre capacit\u00e9 financi\u00e8re\",\"potentialAction\":[{\"@type\":\"SearchAction\",\"target\":{\"@type\":\"EntryPoint\",\"urlTemplate\":\"https:\\\/\\\/dnx.jxc.mybluehost.me\\\/?s={search_term_string}\"},\"query-input\":{\"@type\":\"PropertyValueSpecification\",\"valueRequired\":true,\"valueName\":\"search_term_string\"}}],\"inLanguage\":\"en-US\"}]}<\/script>\n<!-- \/ Yoast SEO plugin. -->","yoast_head_json":{"title":"Assess your financial capacity - Diversico Mortgage | Planipr\u00eat","robots":{"index":"index","follow":"follow","max-snippet":"max-snippet:-1","max-image-preview":"max-image-preview:large","max-video-preview":"max-video-preview:-1"},"canonical":"https:\/\/dnx.jxc.mybluehost.me\/en\/assess-your-financial-capacity\/","og_locale":"en_US","og_type":"article","og_title":"Assess your financial capacity - Diversico Mortgage | Planipr\u00eat","og_description":"Assess your financial capacityFill out the form below and a member of our team will contact you shortly.","og_url":"https:\/\/dnx.jxc.mybluehost.me\/en\/assess-your-financial-capacity\/","og_site_name":"Diversico Hypoth\u00e8que | Planipr\u00eat","article_modified_time":"2022-12-22T18:49:37+00:00","og_image":[{"width":340,"height":257,"url":"https:\/\/dnx.jxc.mybluehost.me\/wp-content\/uploads\/2022\/11\/maison-img2.png","type":"image\/png"}],"twitter_card":"summary_large_image","twitter_misc":{"Est. reading time":"1 minute"},"schema":{"@context":"https:\/\/schema.org","@graph":[{"@type":"WebPage","@id":"https:\/\/dnx.jxc.mybluehost.me\/en\/assess-your-financial-capacity\/","url":"https:\/\/dnx.jxc.mybluehost.me\/en\/assess-your-financial-capacity\/","name":"Assess your financial capacity - Diversico Mortgage | Planipr\u00eat","isPartOf":{"@id":"https:\/\/dnx.jxc.mybluehost.me\/#website"},"primaryImageOfPage":{"@id":"https:\/\/dnx.jxc.mybluehost.me\/en\/assess-your-financial-capacity\/#primaryimage"},"image":{"@id":"https:\/\/dnx.jxc.mybluehost.me\/en\/assess-your-financial-capacity\/#primaryimage"},"thumbnailUrl":"https:\/\/hypotheque.diversico.ca\/wp-content\/uploads\/2022\/11\/maison-img2.png","datePublished":"2022-12-21T13:54:10+00:00","dateModified":"2022-12-22T18:49:37+00:00","breadcrumb":{"@id":"https:\/\/dnx.jxc.mybluehost.me\/en\/assess-your-financial-capacity\/#breadcrumb"},"inLanguage":"en-US","potentialAction":[{"@type":"ReadAction","target":["https:\/\/dnx.jxc.mybluehost.me\/en\/assess-your-financial-capacity\/"]}]},{"@type":"ImageObject","inLanguage":"en-US","@id":"https:\/\/dnx.jxc.mybluehost.me\/en\/assess-your-financial-capacity\/#primaryimage","url":"https:\/\/hypotheque.diversico.ca\/wp-content\/uploads\/2022\/11\/maison-img2.png","contentUrl":"https:\/\/hypotheque.diversico.ca\/wp-content\/uploads\/2022\/11\/maison-img2.png","width":340,"height":257},{"@type":"BreadcrumbList","@id":"https:\/\/dnx.jxc.mybluehost.me\/en\/assess-your-financial-capacity\/#breadcrumb","itemListElement":[{"@type":"ListItem","position":1,"name":"Home","item":"https:\/\/dnx.jxc.mybluehost.me\/en\/"},{"@type":"ListItem","position":2,"name":"Assess your financial capacity"}]},{"@type":"WebSite","@id":"https:\/\/dnx.jxc.mybluehost.me\/#website","url":"https:\/\/dnx.jxc.mybluehost.me\/","name":"Diversico Hypoth\u00e8que | Planipr\u00eat","description":"Financement hypoth\u00e9caire et consultation gratuite pour \u00e9valuer votre capacit\u00e9 financi\u00e8re","potentialAction":[{"@type":"SearchAction","target":{"@type":"EntryPoint","urlTemplate":"https:\/\/dnx.jxc.mybluehost.me\/?s={search_term_string}"},"query-input":{"@type":"PropertyValueSpecification","valueRequired":true,"valueName":"search_term_string"}}],"inLanguage":"en-US"}]}},"jetpack_sharing_enabled":true,"_links":{"self":[{"href":"https:\/\/hypotheque.diversico.ca\/en\/wp-json\/wp\/v2\/pages\/422","targetHints":{"allow":["GET"]}}],"collection":[{"href":"https:\/\/hypotheque.diversico.ca\/en\/wp-json\/wp\/v2\/pages"}],"about":[{"href":"https:\/\/hypotheque.diversico.ca\/en\/wp-json\/wp\/v2\/types\/page"}],"author":[{"embeddable":true,"href":"https:\/\/hypotheque.diversico.ca\/en\/wp-json\/wp\/v2\/users\/5"}],"replies":[{"embeddable":true,"href":"https:\/\/hypotheque.diversico.ca\/en\/wp-json\/wp\/v2\/comments?post=422"}],"version-history":[{"count":7,"href":"https:\/\/hypotheque.diversico.ca\/en\/wp-json\/wp\/v2\/pages\/422\/revisions"}],"predecessor-version":[{"id":447,"href":"https:\/\/hypotheque.diversico.ca\/en\/wp-json\/wp\/v2\/pages\/422\/revisions\/447"}],"wp:featuredmedia":[{"embeddable":true,"href":"https:\/\/hypotheque.diversico.ca\/en\/wp-json\/wp\/v2\/media\/369"}],"wp:attachment":[{"href":"https:\/\/hypotheque.diversico.ca\/en\/wp-json\/wp\/v2\/media?parent=422"}],"curies":[{"name":"wp","href":"https:\/\/api.w.org\/{rel}","templated":true}]}}